{"id":10,"date":"2024-05-09T20:26:37","date_gmt":"2024-05-09T20:26:37","guid":{"rendered":"https:\/\/mobileapp.latiquetera.cl\/?page_id=10"},"modified":"2024-05-09T20:30:49","modified_gmt":"2024-05-09T20:30:49","slug":"10-2","status":"publish","type":"page","link":"https:\/\/mobileapp.latiquetera.cl\/index.php\/10-2\/","title":{"rendered":"latiqueterapage"},"content":{"rendered":"<p><!DOCTYPE html><br \/>\n<html lang=\"es\"><br \/>\n<head><br \/>\n    <meta charset=\"UTF-8\"><br \/>\n    <meta name=\"viewport\" content=\"width=device-width, initial-scale=1.0\"><br \/>\n    <title>Embedding a Web Page with Iframe<\/title><br \/>\n<\/head><br \/>\n<body><\/p>\n<h1>\u00a1Hola! Esta es mi p\u00e1gina web<\/h1>\n<p>A continuaci\u00f3n, se muestra un ejemplo de c\u00f3mo incrustar otra p\u00e1gina web dentro de esta:<\/p>\n<p>    <!-- Aqu\u00ed se define el iframe --><br \/>\n    <iframe loading=\"lazy\" src=\"https:\/\/www.latiquetera.cl\/home\" width=\"100%\" height=\"400px\" frameborder=\"0\"><\/iframe><\/p>\n<p>\u00a1Espero que encuentres \u00fatil esta p\u00e1gina web incrustada!<\/p>\n<p><\/body><br \/>\n<\/html><\/p>\n","protected":false},"excerpt":{"rendered":"<p>Embedding a Web Page with Iframe \u00a1Hola! Esta es mi p\u00e1gina web A continuaci\u00f3n, se muestra un ejemplo de c\u00f3mo incrustar otra p\u00e1gina web dentro de esta: \u00a1Espero que encuentres \u00fatil esta p\u00e1gina web incrustada!<\/p>\n","protected":false},"author":1,"featured_media":0,"parent":0,"menu_order":0,"comment_status":"closed","ping_status":"closed","template":"","meta":{"footnotes":""},"class_list":["post-10","page","type-page","status-publish","hentry"],"_links":{"self":[{"href":"https:\/\/mobileapp.latiquetera.cl\/index.php\/wp-json\/wp\/v2\/pages\/10","targetHints":{"allow":["GET"]}}],"collection":[{"href":"https:\/\/mobileapp.latiquetera.cl\/index.php\/wp-json\/wp\/v2\/pages"}],"about":[{"href":"https:\/\/mobileapp.latiquetera.cl\/index.php\/wp-json\/wp\/v2\/types\/page"}],"author":[{"embeddable":true,"href":"https:\/\/mobileapp.latiquetera.cl\/index.php\/wp-json\/wp\/v2\/users\/1"}],"replies":[{"embeddable":true,"href":"https:\/\/mobileapp.latiquetera.cl\/index.php\/wp-json\/wp\/v2\/comments?post=10"}],"version-history":[{"count":3,"href":"https:\/\/mobileapp.latiquetera.cl\/index.php\/wp-json\/wp\/v2\/pages\/10\/revisions"}],"predecessor-version":[{"id":13,"href":"https:\/\/mobileapp.latiquetera.cl\/index.php\/wp-json\/wp\/v2\/pages\/10\/revisions\/13"}],"wp:attachment":[{"href":"https:\/\/mobileapp.latiquetera.cl\/index.php\/wp-json\/wp\/v2\/media?parent=10"}],"curies":[{"name":"wp","href":"https:\/\/api.w.org\/{rel}","templated":true}]}}